{"id":14,"date":"2024-11-24T23:07:56","date_gmt":"2024-11-24T22:07:56","guid":{"rendered":"http:\/\/kobelgium.be\/?page_id=14"},"modified":"2024-11-29T19:25:10","modified_gmt":"2024-11-29T18:25:10","slug":"a-propos","status":"publish","type":"page","link":"https:\/\/kobelgium.be\/index.php\/a-propos\/","title":{"rendered":"A Propos"},"content":{"rendered":"\n<h2 class=\"wp-block-heading\" id=\"quisommesnous\">Qui sommes-nous ?<\/h2>\n\n\n\n<p>Bienvenue sur le site \ud83c\uddee\ud83c\uddf9 \u00ab&nbsp;KO BELGIUM&nbsp;\u00bb \ud83c\udde7\ud83c\uddea<\/p>\n\n\n\n<p>Je m\u2019appelle Savino, je suis passionn\u00e9 par l\u2019univers des arts martiaux depuis ma plus tendre enfance et j\u2019ai le privil\u00e8ge de repr\u00e9senter en Belgique la Prestigieuse marque italienne d\u2019articles de karat\u00e9 : KO ITALIA .<br>Une marque reconnue et certifi\u00e9e par la W.K.F., la f\u00e9d\u00e9ration mondiale de karat\u00e9 !<\/p>\n\n\n\n<figure class=\"wp-block-gallery has-nested-images columns-default is-cropped wp-block-gallery-1 is-layout-flex wp-block-gallery-is-layout-flex\">\n<figure class=\"wp-block-image size-large\"><img loading=\"lazy\" decoding=\"async\" width=\"1024\" height=\"681\" data-id=\"137\" src=\"https:\/\/kobelgium.be\/wp-content\/uploads\/2024\/11\/21c0b604-684b-400e-a71e-3df9fbc42f2b-1024x681.jpg\" alt=\"\" class=\"wp-image-137\" srcset=\"https:\/\/kobelgium.be\/wp-content\/uploads\/2024\/11\/21c0b604-684b-400e-a71e-3df9fbc42f2b-1024x681.jpg 1024w, https:\/\/kobelgium.be\/wp-content\/uploads\/2024\/11\/21c0b604-684b-400e-a71e-3df9fbc42f2b-300x199.jpg 300w, https:\/\/kobelgium.be\/wp-content\/uploads\/2024\/11\/21c0b604-684b-400e-a71e-3df9fbc42f2b-768x511.jpg 768w, https:\/\/kobelgium.be\/wp-content\/uploads\/2024\/11\/21c0b604-684b-400e-a71e-3df9fbc42f2b.jpg 1504w\" sizes=\"auto, (max-width: 1024px) 100vw, 1024px\" \/><\/figure>\n\n\n\n<figure class=\"wp-block-image size-large\"><img loading=\"lazy\" decoding=\"async\" width=\"603\" height=\"1024\" data-id=\"139\" src=\"https:\/\/kobelgium.be\/wp-content\/uploads\/2024\/11\/IMG_1448-603x1024.jpg\" alt=\"\" class=\"wp-image-139\" srcset=\"https:\/\/kobelgium.be\/wp-content\/uploads\/2024\/11\/IMG_1448-603x1024.jpg 603w, https:\/\/kobelgium.be\/wp-content\/uploads\/2024\/11\/IMG_1448-177x300.jpg 177w, https:\/\/kobelgium.be\/wp-content\/uploads\/2024\/11\/IMG_1448-768x1303.jpg 768w, https:\/\/kobelgium.be\/wp-content\/uploads\/2024\/11\/IMG_1448-905x1536.jpg 905w, https:\/\/kobelgium.be\/wp-content\/uploads\/2024\/11\/IMG_1448.jpg 974w\" sizes=\"auto, (max-width: 603px) 100vw, 603px\" \/><\/figure>\n\n\n\n<figure class=\"wp-block-image size-large\"><img loading=\"lazy\" decoding=\"async\" width=\"706\" height=\"1024\" data-id=\"141\" src=\"https:\/\/kobelgium.be\/wp-content\/uploads\/2024\/11\/IMG_0732-706x1024.jpg\" alt=\"\" class=\"wp-image-141\" srcset=\"https:\/\/kobelgium.be\/wp-content\/uploads\/2024\/11\/IMG_0732-706x1024.jpg 706w, https:\/\/kobelgium.be\/wp-content\/uploads\/2024\/11\/IMG_0732-207x300.jpg 207w, https:\/\/kobelgium.be\/wp-content\/uploads\/2024\/11\/IMG_0732-768x1114.jpg 768w, https:\/\/kobelgium.be\/wp-content\/uploads\/2024\/11\/IMG_0732-1059x1536.jpg 1059w, https:\/\/kobelgium.be\/wp-content\/uploads\/2024\/11\/IMG_0732-1412x2048.jpg 1412w, https:\/\/kobelgium.be\/wp-content\/uploads\/2024\/11\/IMG_0732-scaled.jpg 1765w\" sizes=\"auto, (max-width: 706px) 100vw, 706px\" \/><\/figure>\n\n\n\n<figure class=\"wp-block-image size-large\"><img loading=\"lazy\" decoding=\"async\" width=\"1024\" height=\"681\" data-id=\"138\" src=\"https:\/\/kobelgium.be\/wp-content\/uploads\/2024\/11\/d1c1fda3-9cfb-4bfb-bbf6-c6fb5f9fa894-1024x681.jpg\" alt=\"\" class=\"wp-image-138\" srcset=\"https:\/\/kobelgium.be\/wp-content\/uploads\/2024\/11\/d1c1fda3-9cfb-4bfb-bbf6-c6fb5f9fa894-1024x681.jpg 1024w, https:\/\/kobelgium.be\/wp-content\/uploads\/2024\/11\/d1c1fda3-9cfb-4bfb-bbf6-c6fb5f9fa894-300x199.jpg 300w, https:\/\/kobelgium.be\/wp-content\/uploads\/2024\/11\/d1c1fda3-9cfb-4bfb-bbf6-c6fb5f9fa894-768x511.jpg 768w, https:\/\/kobelgium.be\/wp-content\/uploads\/2024\/11\/d1c1fda3-9cfb-4bfb-bbf6-c6fb5f9fa894.jpg 1504w\" sizes=\"auto, (max-width: 1024px) 100vw, 1024px\" \/><\/figure>\n\n\n\n<figure class=\"wp-block-image size-large\"><img loading=\"lazy\" decoding=\"async\" width=\"768\" height=\"1024\" data-id=\"142\" src=\"https:\/\/kobelgium.be\/wp-content\/uploads\/2024\/11\/IMG_1449-768x1024.jpg\" alt=\"\" class=\"wp-image-142\" srcset=\"https:\/\/kobelgium.be\/wp-content\/uploads\/2024\/11\/IMG_1449-768x1024.jpg 768w, https:\/\/kobelgium.be\/wp-content\/uploads\/2024\/11\/IMG_1449-225x300.jpg 225w, https:\/\/kobelgium.be\/wp-content\/uploads\/2024\/11\/IMG_1449-1152x1536.jpg 1152w, https:\/\/kobelgium.be\/wp-content\/uploads\/2024\/11\/IMG_1449-1536x2048.jpg 1536w, https:\/\/kobelgium.be\/wp-content\/uploads\/2024\/11\/IMG_1449-scaled.jpg 1920w\" sizes=\"auto, (max-width: 768px) 100vw, 768px\" \/><\/figure>\n<\/figure>\n\n\n\n<p>Une soci\u00e9t\u00e9 familiale, profond\u00e9ment enracin\u00e9e dans le sud de l\u2019Italie qui r\u00e9sonne particuli\u00e8rement en moi, car elle provient de la m\u00eame r\u00e9gion que mes origines familiales . C\u2019est donc pour moi une immense fiert\u00e9 de pouvoir collaborer avec une entreprise qui partage mes racines et qui incarne le meilleur de la tradition italienne dans ce domaine.<\/p>\n\n\n\n<p>Bien que je n\u2019aie jamais pratiqu\u00e9 cet art martial, ma passion pour le karat\u00e9 est n\u00e9e gr\u00e2ce \u00e0 mon fils Matteo, qui pratique cet art depuis l\u2019\u00e2ge de 7 ans et qui a d\u00e9j\u00e0 remport\u00e9 le titre de champion de Belgique \u00e0 plusieurs reprises \ud83c\udde7\ud83c\uddea<br>Aujourd\u2019hui \u00e2g\u00e9 de 18 ans, il s\u2019investit pleinement dans cette discipline, s\u2019entra\u00eenant tr\u00e8s dur et participant r\u00e9guli\u00e8rement \u00e0 de grosses comp\u00e9titions \u00e0 travers toute l\u2019Europe.<\/p>\n\n\n\n<figure class=\"wp-block-image alignleft size-large is-resized\"><img loading=\"lazy\" decoding=\"async\" width=\"1010\" height=\"1024\" src=\"https:\/\/kobelgium.be\/wp-content\/uploads\/2024\/11\/IMG_4861-1010x1024.jpg\" alt=\"\" class=\"wp-image-147\" style=\"aspect-ratio:1;object-fit:cover;width:400px\" srcset=\"https:\/\/kobelgium.be\/wp-content\/uploads\/2024\/11\/IMG_4861-1010x1024.jpg 1010w, https:\/\/kobelgium.be\/wp-content\/uploads\/2024\/11\/IMG_4861-296x300.jpg 296w, https:\/\/kobelgium.be\/wp-content\/uploads\/2024\/11\/IMG_4861-768x779.jpg 768w, https:\/\/kobelgium.be\/wp-content\/uploads\/2024\/11\/IMG_4861.jpg 1284w\" sizes=\"auto, (max-width: 1010px) 100vw, 1010px\" \/><\/figure>\n\n\n\n<p>Ces exp\u00e9riences m\u2019ont permis de d\u00e9couvrir la profondeur et les valeurs uniques du karat\u00e9 : Discipline, Respect, Effort et Pers\u00e9v\u00e9rance !<\/p>\n\n\n\n<p>Les plus grands athl\u00e8tes, et m\u00eame notre JCVD national, ont port\u00e9 des kimonos KO durant leur brillante carri\u00e8re. Aujourd\u2019hui encore, plusieurs champions du monde continuent de faire confiance \u00e0 la marque KO !<\/p>\n\n\n\n<p>\u00catre \u00e0 la fois t\u00e9moin et acteur de cette passion, en tant que parent et revendeur, est un v\u00e9ritable honneur pour moi. Mon objectif est simple : fournir aux pratiquants de karat\u00e9 des \u00e9quipements de qualit\u00e9 qui refl\u00e8tent l\u2019excellence et la tradition de cet art martial.<\/p>\n\n\n\n<p>En tant que p\u00e8re d\u2019un karat\u00e9ka passionn\u00e9, je comprends l\u2019importance d\u2019un \u00e9quipement fiable pour accompagner votre progression et vos r\u00e9ussites. Que vous soyez donc d\u00e9butant ou athl\u00e8te confirm\u00e9, je m\u2019engage \u00e0 vous suivre dans votre parcours, avec des produits con\u00e7us pour r\u00e9pondre aux exigences les plus \u00e9lev\u00e9es.<\/p>\n\n\n\n<p>Je suis \u00e0 votre \u00e9coute pour vous conseiller et r\u00e9pondre \u00e0 vos besoins.<\/p>\n\n\n\n<p>\u00ab&nbsp;KO ITALIA\u2026, synonyme de Qualit\u00e9, de Valeur et de Dur\u00e9e dans le temps&nbsp;\u00bb<\/p>\n\n\n\n<h2 class=\"wp-block-heading\" id=\"marque\">La Marque KO Italia<\/h2>\n\n\n\n<p>KO Italia est une soci\u00e9t\u00e9 italienne sp\u00e9cialis\u00e9e dans la fabrication et la distribution de produits de sport. Elle produit des karategi faits \u00e0 la main depuis pr\u00e8s de 40 ans, du dessin \u00e0 la production dans ses propres ateliers en Italie, en passant par la d\u00e9coupe et le choix du coton italien. <\/p>\n\n\n\n<figure class=\"wp-block-gallery has-nested-images columns-default is-cropped wp-block-gallery-2 is-layout-flex wp-block-gallery-is-layout-flex\">\n<figure class=\"wp-block-image size-large\"><img loading=\"lazy\" decoding=\"async\" width=\"640\" height=\"480\" data-id=\"79\" src=\"https:\/\/kobelgium.be\/wp-content\/uploads\/2024\/11\/atelier-2.jpg\" alt=\"\" class=\"wp-image-79\" srcset=\"https:\/\/kobelgium.be\/wp-content\/uploads\/2024\/11\/atelier-2.jpg 640w, https:\/\/kobelgium.be\/wp-content\/uploads\/2024\/11\/atelier-2-300x225.jpg 300w\" sizes=\"auto, (max-width: 640px) 100vw, 640px\" \/><\/figure>\n\n\n\n<figure class=\"wp-block-image size-large\"><img loading=\"lazy\" decoding=\"async\" width=\"709\" height=\"531\" data-id=\"80\" src=\"https:\/\/kobelgium.be\/wp-content\/uploads\/2024\/11\/atelier-12.jpg\" alt=\"\" class=\"wp-image-80\" srcset=\"https:\/\/kobelgium.be\/wp-content\/uploads\/2024\/11\/atelier-12.jpg 709w, https:\/\/kobelgium.be\/wp-content\/uploads\/2024\/11\/atelier-12-300x225.jpg 300w\" sizes=\"auto, (max-width: 709px) 100vw, 709px\" \/><\/figure>\n<\/figure>\n\n\n\n<p>Fond\u00e9e par Carmelo Malleo, \u00e0 l&rsquo;\u00e9poque membre de l&rsquo;\u00e9quipe Nationale italienne de karat\u00e9, pour r\u00e9pondre aux besoins des amateurs et des professionnels du sport, elle s&rsquo;est impos\u00e9e gr\u00e2ce \u00e0 son engagement envers l&rsquo;innovation et la qualit\u00e9. <\/p>\n\n\n\n<figure class=\"wp-block-gallery has-nested-images columns-default is-cropped wp-block-gallery-3 is-layout-flex wp-block-gallery-is-layout-flex\">\n<figure class=\"wp-block-image size-large\"><img loading=\"lazy\" decoding=\"async\" width=\"1024\" height=\"1024\" data-id=\"41\" src=\"https:\/\/kobelgium.be\/wp-content\/uploads\/2024\/11\/histoire-241130175_4373705526024272_4459801544343634572_n-1024x1024.jpg\" alt=\"\" class=\"wp-image-41\" srcset=\"https:\/\/kobelgium.be\/wp-content\/uploads\/2024\/11\/histoire-241130175_4373705526024272_4459801544343634572_n-1024x1024.jpg 1024w, https:\/\/kobelgium.be\/wp-content\/uploads\/2024\/11\/histoire-241130175_4373705526024272_4459801544343634572_n-300x300.jpg 300w, https:\/\/kobelgium.be\/wp-content\/uploads\/2024\/11\/histoire-241130175_4373705526024272_4459801544343634572_n-150x150.jpg 150w, https:\/\/kobelgium.be\/wp-content\/uploads\/2024\/11\/histoire-241130175_4373705526024272_4459801544343634572_n-768x768.jpg 768w, https:\/\/kobelgium.be\/wp-content\/uploads\/2024\/11\/histoire-241130175_4373705526024272_4459801544343634572_n.jpg 1080w\" sizes=\"auto, (max-width: 1024px) 100vw, 1024px\" \/><\/figure>\n\n\n\n<figure class=\"wp-block-image size-large\"><img loading=\"lazy\" decoding=\"async\" width=\"820\" height=\"1024\" data-id=\"42\" src=\"https:\/\/kobelgium.be\/wp-content\/uploads\/2024\/11\/karategi-287715406_3253393701646277_8926018393756920159_n-820x1024.jpg\" alt=\"\" class=\"wp-image-42\" srcset=\"https:\/\/kobelgium.be\/wp-content\/uploads\/2024\/11\/karategi-287715406_3253393701646277_8926018393756920159_n-820x1024.jpg 820w, https:\/\/kobelgium.be\/wp-content\/uploads\/2024\/11\/karategi-287715406_3253393701646277_8926018393756920159_n-240x300.jpg 240w, https:\/\/kobelgium.be\/wp-content\/uploads\/2024\/11\/karategi-287715406_3253393701646277_8926018393756920159_n-768x959.jpg 768w, https:\/\/kobelgium.be\/wp-content\/uploads\/2024\/11\/karategi-287715406_3253393701646277_8926018393756920159_n-1229x1536.jpg 1229w, https:\/\/kobelgium.be\/wp-content\/uploads\/2024\/11\/karategi-287715406_3253393701646277_8926018393756920159_n.jpg 1440w\" sizes=\"auto, (max-width: 820px) 100vw, 820px\" \/><\/figure>\n<\/figure>\n\n\n\n<p>L&rsquo;entreprise est reconnue pour son \u00e9quipement sportif durable, adapt\u00e9 \u00e0 une large gamme d&rsquo;activit\u00e9s. Elle collabore \u00e9galement avec des athl\u00e8tes et des clubs pour d\u00e9velopper des produits performants et ergonomiques. Leur style unique est appr\u00e9ci\u00e9 par les sportifs, les athl\u00e8tes, techniciens et experts des arts martiaux qui reconnaissent la touche \u00ab\u00a0Made in Italy\u00a0\u00bb.<\/p>\n","protected":false},"excerpt":{"rendered":"<p>Qui sommes-nous ? Bienvenue sur le site \ud83c\uddee\ud83c\uddf9 \u00ab&nbsp;KO BELGIUM&nbsp;\u00bb \ud83c\udde7\ud83c\uddea Je m\u2019appelle Savino, je suis passionn\u00e9 par l\u2019univers des arts martiaux depuis ma plus tendre enfance et j\u2019ai le privil\u00e8ge de repr\u00e9senter en Belgique la Prestigieuse marque italienne d\u2019articles de karat\u00e9 : KO ITALIA .Une marque reconnue et certifi\u00e9e par la W.K.F., la f\u00e9d\u00e9ration [&hellip;]<\/p>\n","protected":false},"author":1,"featured_media":0,"parent":0,"menu_order":20,"comment_status":"closed","ping_status":"closed","template":"","meta":{"footnotes":""},"class_list":["post-14","page","type-page","status-publish","hentry"],"_links":{"self":[{"href":"https:\/\/kobelgium.be\/index.php\/wp-json\/wp\/v2\/pages\/14","targetHints":{"allow":["GET"]}}],"collection":[{"href":"https:\/\/kobelgium.be\/index.php\/wp-json\/wp\/v2\/pages"}],"about":[{"href":"https:\/\/kobelgium.be\/index.php\/wp-json\/wp\/v2\/types\/page"}],"author":[{"embeddable":true,"href":"https:\/\/kobelgium.be\/index.php\/wp-json\/wp\/v2\/users\/1"}],"replies":[{"embeddable":true,"href":"https:\/\/kobelgium.be\/index.php\/wp-json\/wp\/v2\/comments?post=14"}],"version-history":[{"count":16,"href":"https:\/\/kobelgium.be\/index.php\/wp-json\/wp\/v2\/pages\/14\/revisions"}],"predecessor-version":[{"id":224,"href":"https:\/\/kobelgium.be\/index.php\/wp-json\/wp\/v2\/pages\/14\/revisions\/224"}],"wp:attachment":[{"href":"https:\/\/kobelgium.be\/index.php\/wp-json\/wp\/v2\/media?parent=14"}],"curies":[{"name":"wp","href":"https:\/\/api.w.org\/{rel}","templated":true}]}}